{"id":228,"date":"2018-11-20T14:10:36","date_gmt":"2018-11-20T13:10:36","guid":{"rendered":"https:\/\/genseq.umontpellier.fr\/WordPress\/?page_id=228"},"modified":"2018-11-20T14:10:36","modified_gmt":"2018-11-20T13:10:36","slug":"mentions-legales","status":"publish","type":"page","link":"https:\/\/genseq.umontpellier.fr\/WordPress\/mentions-legales\/","title":{"rendered":"Mentions l\u00e9gales"},"content":{"rendered":"<h2>Mentions l\u00e9gales<\/h2>\n<p>Le fait de naviguer sur ce site fait de vous un utilisateur du site de la plateforme GenSeq. En devenant utilisateur, vous acceptez l\u2019ensemble des informations l\u00e9gales d\u00e9crites ci-dessous.<\/p>\n<h3>\nD\u00e9signation<br \/>\nInstitut des Sciences de l&rsquo;Evolution de Montpellier &#8211; Plateforme GenSeq-Universit\u00e9 de Montpellier &#8211; Campus Triolet &#8211; B\u00e2t24 1er \u00e9tage &#8211; 34095 Montpellier<\/h3>\n<p>Responsable de la publication : Agn\u00e8s Mignot, directrice de l&rsquo;Institut des Sciences de l&rsquo;Evolution<\/p>\n<h3>Cr\u00e9dits<\/h3>\n<p>Outil de gestion de contenu : WordPress<br \/>\nConception, r\u00e9alisation et h\u00e9bergement du site : Universit\u00e9 de Montpellier<br \/>\nH\u00e9bergement : Universit\u00e9 de Montpellier, Direction des Syst\u00e8mes d\u2019Information et du Num\u00e9rique (DSIN)<br \/>\nCr\u00e9dits photographiques : Universit\u00e9 de Montpellier et Fr\u00e9d\u00e9rique Cerqueira<\/p>\n<h3>R\u00e8glement g\u00e9n\u00e9ral sur la protection des donn\u00e9es (RGPD)<\/h3>\n<p>Conform\u00e9ment au R\u00e8glement G\u00e9n\u00e9ral sur la Protection des Donn\u00e9es (r\u00e8glement europ\u00e9en 2016-679-UE du 27 avril 2016), vous disposez notamment :<\/p>\n<p>Des droits d\u2019acc\u00e8s, de rectification et d\u2019effacement de vos donn\u00e9es personnelles,<br \/>\nDu droit de limitation du traitement de vos donn\u00e9es personnelles,<br \/>\nDu droit de retirer votre consentement \u00e0 un traitement pour l\u2019avenir,<br \/>\nSous certaines conditions, du droit de vous opposer \u00e0 un traitement n\u00e9cessaire \u00e0 l\u2019exercice d\u2019une mission de service public.<\/p>\n<p>Pour l\u2019exercice de ces droits ou pour toute question relative aux traitements de donn\u00e9es, vous pouvez contacter le D\u00e9l\u00e9gu\u00e9 \u00e0 la Protection des Donn\u00e9es de l\u2019Universit\u00e9 de Montpellier.<br \/>\nPar ailleurs, vous pouvez, le cas \u00e9ch\u00e9ant, introduire une r\u00e9clamation aupr\u00e8s de la Commission Nationale de l\u2019Informatique et des Libert\u00e9s (CNIL).<\/p>\n<h3>\nDroit d\u2019auteur &#8211; Copyright &#8211; Liens<\/h3>\n<p>L\u2019ensemble de ce site rel\u00e8ve de la l\u00e9gislation fran\u00e7aise et internationale sur le droit d\u2019auteur et la propri\u00e9t\u00e9 intellectuelle. Tous les droits de reproduction sont r\u00e9serv\u00e9s, y compris pour les documents t\u00e9l\u00e9chargeables et les repr\u00e9sentations iconographiques et photographiques.<br \/>\nLa reproduction de tout ou partie de ce site sur un support \u00e9lectronique quel qu\u2019il soit est formellement interdite sauf autorisation expresse du directeur de la publication.<\/p>\n<p>En application de la loi du 11 mars 1957 (art. 41) et du code de la propri\u00e9t\u00e9 intellectuelle du 1er juillet 1992, toute reproduction partielle ou totale \u00e0 usage collectif est strictement interdite sans autorisation expresse de l\u2019Institut des Sciences de l&rsquo;Evolution.<\/p>\n<p>Le site Internet https:\/\/genseq.umontpellier.fr\/WordPress\/ (textes, \u00e9l\u00e9ments graphiques, photos, etc.) constitue une oeuvre prot\u00e9g\u00e9e en France par le Code de Propri\u00e9t\u00e9 Intellectuelle, et \u00e0 l\u2019\u00e9tranger par les conventions internationales en vigueur sur le droit d\u2019auteur.<br \/>\nLa violation de l\u2019un de ces droits est un d\u00e9lit de contrefa\u00e7on passible de poursuite.<br \/>\nLes fichiers r\u00e9sultants ne sont jamais transmis \u00e0 des tiers. En particulier, nous ne commercialisons aucun fichier d\u2019adresses ou de courriels.<\/p>\n<p>Le site de la plateforme genseq autorise la mise en place d\u2019un lien hypertexte pointant vers son contenu, sous r\u00e9serve de :<\/p>\n<p>Ne pas utiliser la technique du lien profond (\u00ab deep linking \u00bb), c\u2019est-\u00e0-dire que les pages du site genseq.umontpellier.fr ne doivent pas \u00eatre imbriqu\u00e9es \u00e0 l\u2019int\u00e9rieur des pages d\u2019un autre site, mais accessible par l\u2019ouverture d\u2019une fen\u00eatre.<br \/>\nMentionner la source qui pointera gr\u00e2ce \u00e0 un lien hypertexte directement sur le contenu vis\u00e9.<br \/>\nLes informations utilis\u00e9es ne doivent l\u2019\u00eatre qu\u2019\u00e0 des fins personnelles, associatives ou professionnelles.<br \/>\nToute utilisation \u00e0 des fins commerciales ou publicitaires est exclue.<br \/>\nAttention ! Cette autorisation ne s\u2019applique pas aux sites internet diffusant des informations \u00e0 caract\u00e8re pol\u00e9mique, pornographique, x\u00e9nophobe ou pouvant, dans une plus large mesure porter atteinte \u00e0 la sensibilit\u00e9 du plus grand nombre.<\/p>\n<p>Pour d\u2019autres utilisations, veuillez nous consulter.<\/p>\n<h3>Port\u00e9e des contenus<\/h3>\n<p>Les informations mises \u00e0 disposition sur le site https:\/\/genseq.umontpellier.fr\/WordPress\/ n\u2019ont qu\u2019une valeur indicative.<\/p>\n<h3>\nChartes<\/h3>\n<p>Charte informatique de l\u2019universit\u00e9 de Montpellier<br \/>\nCharte d\u00e9ontologique d\u2019utilisation du r\u00e9seau RENATER<\/p>\n","protected":false},"excerpt":{"rendered":"<p>Mentions l\u00e9gales Le fait de naviguer sur ce site fait de vous un utilisateur du site de la plateforme GenSeq. En devenant utilisateur, vous acceptez l\u2019ensemble des informations l\u00e9gales d\u00e9crites ci-dessous. D\u00e9signation Institut des Sciences de l&rsquo;Evolution de Montpellier &#8211; Plateforme GenSeq-Universit\u00e9 de Montpellier &#8211; Campus Triolet &#8211; B\u00e2t24 1er \u00e9tage &#8211; 34095 Montpellier Responsable [&hellip;]<\/p>\n","protected":false},"author":1,"featured_media":0,"parent":0,"menu_order":0,"comment_status":"closed","ping_status":"closed","template":"","meta":{"footnotes":""},"class_list":["post-228","page","type-page","status-publish","hentry"],"_links":{"self":[{"href":"https:\/\/genseq.umontpellier.fr\/WordPress\/wp-json\/wp\/v2\/pages\/228","targetHints":{"allow":["GET"]}}],"collection":[{"href":"https:\/\/genseq.umontpellier.fr\/WordPress\/wp-json\/wp\/v2\/pages"}],"about":[{"href":"https:\/\/genseq.umontpellier.fr\/WordPress\/wp-json\/wp\/v2\/types\/page"}],"author":[{"embeddable":true,"href":"https:\/\/genseq.umontpellier.fr\/WordPress\/wp-json\/wp\/v2\/users\/1"}],"replies":[{"embeddable":true,"href":"https:\/\/genseq.umontpellier.fr\/WordPress\/wp-json\/wp\/v2\/comments?post=228"}],"version-history":[{"count":1,"href":"https:\/\/genseq.umontpellier.fr\/WordPress\/wp-json\/wp\/v2\/pages\/228\/revisions"}],"predecessor-version":[{"id":229,"href":"https:\/\/genseq.umontpellier.fr\/WordPress\/wp-json\/wp\/v2\/pages\/228\/revisions\/229"}],"wp:attachment":[{"href":"https:\/\/genseq.umontpellier.fr\/WordPress\/wp-json\/wp\/v2\/media?parent=228"}],"curies":[{"name":"wp","href":"https:\/\/api.w.org\/{rel}","templated":true}]}}