{"id":241,"date":"2018-11-20T15:00:22","date_gmt":"2018-11-20T14:00:22","guid":{"rendered":"https:\/\/genseq.umontpellier.fr\/WordPress\/?page_id=241"},"modified":"2026-01-26T15:35:34","modified_gmt":"2026-01-26T14:35:34","slug":"accesfiches","status":"publish","type":"page","link":"https:\/\/genseq.umontpellier.fr\/WordPress\/accesfiches\/","title":{"rendered":"Acc\u00e8s et fiches projets"},"content":{"rendered":"<p>Pour toute information (devis, conseils, prise de rendez-vous), <strong><a href=\"http:\/\/mail to : genseq-contact@umontpellier.fr\" target=\"_blank\" rel=\"noopener\">contactez-nous<\/a><\/strong> !<\/p>\n<p>Avant toute utilisation de la plateforme, nous vous demanderons de remplir une fiche projet adapt\u00e9e \u00e0 vos besoins. Ces fiches projets sont annuelles et ainsi que vos acc\u00e8s au site de r\u00e9servation.<\/p>\n<p>Si aucune des fiches ci-dessous ne correspond \u00e0 vos besoins <a href=\"https:\/\/genseq.umontpellier.fr\/WordPress\/reservation-equipements\/\" target=\"_blank\" rel=\"noopener\">contactez nous<\/a>.<\/p>\n<p>Nous vous invitons \u00e9galement \u00e0 lire notre <a href=\"https:\/\/genseq.umontpellier.fr\/WordPress\/wp-content\/uploads\/2025\/04\/Charte-GenSeq-2025.pdf\">Charte-GenSeq-2025<\/a> dans lequel vous trouverez les <strong>conditions d&rsquo;utilisation<\/strong> de notre plateau et ses diff\u00e9rents services ainsi qu&rsquo;une foule de renseignements.<\/p>\n<h4><strong><u>Fiches projets :<\/u><\/strong><\/h4>\n<h4><strong>\u00a0\u00a0\u00a0\u00a0\u00a0\u00a0\u00a0\u00a0\u00a0\u00a0\u00a0 * Fiche g\u00e9n\u00e9rique<\/strong><\/h4>\n<p>Vous souhaitez utiliser le robot d\u2019extraction, v\u00e9rifier la qualit\u00e9 de vos acides nucl\u00e9iques (Nanodrop, Qubit, Fragment Analyzer, Femto), faire s\u00e9quencer une banque construite par vos soins sur notre MiSeq, compl\u00e9tez:\u00a0 <a href=\"https:\/\/genseq.umontpellier.fr\/WordPress\/wp-content\/uploads\/2026\/01\/Fiche-projet-GenSeq_2026.docx\">Fiche projet-GenSeq_2026<\/a><\/p>\n<h4><strong>\u00a0\u00a0\u00a0\u00a0\u00a0\u00a0\u00a0\u00a0\u00a0\u00a0\u00a0 * Fiche construction de banque<\/strong><\/h4>\n<p>Vous souhaitez que vos banques soient construites par l\u2019\u00e9quipe de GenSeq\u00a0:<\/p>\n<p>&#8211; Banques amplicons :\u00a0<a href=\"https:\/\/genseq.umontpellier.fr\/WordPress\/wp-content\/uploads\/2026\/01\/Fiche-projet-Amplicon_2026.docx\">Fiche projet-Amplicon_2026<\/a><\/p>\n<p>&#8211; Banques shot-gun :\u00a0<a href=\"https:\/\/genseq.umontpellier.fr\/WordPress\/wp-content\/uploads\/2026\/01\/Fiche-projet-Shot-Gun_2026.docx\">Fiche projet-Shot-Gun_2026<\/a><\/p>\n<p>&#8211; Banque happlotaging :\u00a0<a href=\"https:\/\/genseq.umontpellier.fr\/WordPress\/wp-content\/uploads\/2026\/01\/Fiche-projet-Haplotag-2026.docx\">Fiche projet-Haplotag-2026<\/a><\/p>\n<p>-Banque pour s\u00e9quen\u00e7age microsatellites sur MiSeq:\u00a0<a href=\"https:\/\/genseq.umontpellier.fr\/WordPress\/wp-content\/uploads\/2026\/01\/Fiche-projet-usat-sur-MiSeq-2026.docx\">Fiche projet usat sur MiSeq-2026<\/a><\/p>\n<p>-Fiche \u00e9chantillon pour <a href=\"https:\/\/genseq.umontpellier.fr\/WordPress\/wp-content\/uploads\/2026\/01\/Fiche-Echantillons-Run-Femto-XXXUtilisateurXX.xlsx\">Fiche-Echantillons-Run-Femto-XXXUtilisateurXX<\/a> (il faut aussi faire une fiche projet g\u00e9n\u00e9rique)<\/p>\n","protected":false},"excerpt":{"rendered":"<p>Pour toute information (devis, conseils, prise de rendez-vous), contactez-nous ! Avant toute utilisation de la plateforme, nous vous demanderons de remplir une fiche projet adapt\u00e9e \u00e0 vos besoins. Ces fiches projets sont annuelles et ainsi que vos acc\u00e8s au site de r\u00e9servation. Si aucune des fiches ci-dessous ne correspond \u00e0 vos besoins contactez nous. Nous [&hellip;]<\/p>\n","protected":false},"author":1,"featured_media":0,"parent":0,"menu_order":0,"comment_status":"closed","ping_status":"closed","template":"","meta":{"footnotes":""},"class_list":["post-241","page","type-page","status-publish","hentry"],"_links":{"self":[{"href":"https:\/\/genseq.umontpellier.fr\/WordPress\/wp-json\/wp\/v2\/pages\/241","targetHints":{"allow":["GET"]}}],"collection":[{"href":"https:\/\/genseq.umontpellier.fr\/WordPress\/wp-json\/wp\/v2\/pages"}],"about":[{"href":"https:\/\/genseq.umontpellier.fr\/WordPress\/wp-json\/wp\/v2\/types\/page"}],"author":[{"embeddable":true,"href":"https:\/\/genseq.umontpellier.fr\/WordPress\/wp-json\/wp\/v2\/users\/1"}],"replies":[{"embeddable":true,"href":"https:\/\/genseq.umontpellier.fr\/WordPress\/wp-json\/wp\/v2\/comments?post=241"}],"version-history":[{"count":61,"href":"https:\/\/genseq.umontpellier.fr\/WordPress\/wp-json\/wp\/v2\/pages\/241\/revisions"}],"predecessor-version":[{"id":878,"href":"https:\/\/genseq.umontpellier.fr\/WordPress\/wp-json\/wp\/v2\/pages\/241\/revisions\/878"}],"wp:attachment":[{"href":"https:\/\/genseq.umontpellier.fr\/WordPress\/wp-json\/wp\/v2\/media?parent=241"}],"curies":[{"name":"wp","href":"https:\/\/api.w.org\/{rel}","templated":true}]}}