{"id":252,"date":"2018-11-20T15:21:53","date_gmt":"2018-11-20T14:21:53","guid":{"rendered":"https:\/\/genseq.umontpellier.fr\/WordPress\/?page_id=252"},"modified":"2025-11-25T17:13:07","modified_gmt":"2025-11-25T16:13:07","slug":"reservation-equipements","status":"publish","type":"page","link":"https:\/\/genseq.umontpellier.fr\/WordPress\/reservation-equipements\/","title":{"rendered":"Contact et R\u00e9servations"},"content":{"rendered":"\n<p><\/p>\n\n\n<h4><strong>Contact :<\/strong><\/h4>\n<p>Email (toute l&rsquo;\u00e9quipe est inform\u00e9e):\u00a0<a href=\"mailto:genseq-contact@umontpellier.fr\" target=\"_blank\" rel=\"noopener\">genseq-contact@umontpellier.fr<\/a><\/p>\n<p>Tel (on est souvent au laboratoire): 04-67-14-46-89<\/p>\n<h4><strong>R\u00e9servation:<\/strong><\/h4>\n<p>Les droits d&rsquo;acc\u00e8s au site de r\u00e9servation sont renouvel\u00e9s annuellement. Si votre acc\u00e8s a \u00e9t\u00e9 d\u00e9sactiv\u00e9, vous devez remplir une nouvelle fiche projet et nous l&rsquo;envoyer \u00e0 <a href=\"mailto:genseq-contact@umontpellier.fr\" target=\"_blank\" rel=\"noopener\">genseq-contact@umontpellier.fr<\/a>. Nous r\u00e9activeront vos identifiants.<\/p>\n<p><a href=\"https:\/\/genseq.umontpellier.fr\/GRR\/login.php\">GRR- Site de r\u00e9servation<\/a><\/p>","protected":false},"excerpt":{"rendered":"<p>Contact : Email (toute l&rsquo;\u00e9quipe est inform\u00e9e):\u00a0genseq-contact@umontpellier.fr Tel (on est souvent au laboratoire): 04-67-14-46-89 R\u00e9servation: Les droits d&rsquo;acc\u00e8s au site de r\u00e9servation sont renouvel\u00e9s annuellement. Si votre acc\u00e8s a \u00e9t\u00e9 d\u00e9sactiv\u00e9, vous devez remplir une nouvelle fiche projet et nous l&rsquo;envoyer \u00e0 genseq-contact@umontpellier.fr. Nous r\u00e9activeront vos identifiants. GRR- Site de r\u00e9servation<\/p>\n","protected":false},"author":1,"featured_media":0,"parent":0,"menu_order":0,"comment_status":"closed","ping_status":"closed","template":"","meta":{"footnotes":""},"class_list":["post-252","page","type-page","status-publish","hentry"],"_links":{"self":[{"href":"https:\/\/genseq.umontpellier.fr\/WordPress\/wp-json\/wp\/v2\/pages\/252","targetHints":{"allow":["GET"]}}],"collection":[{"href":"https:\/\/genseq.umontpellier.fr\/WordPress\/wp-json\/wp\/v2\/pages"}],"about":[{"href":"https:\/\/genseq.umontpellier.fr\/WordPress\/wp-json\/wp\/v2\/types\/page"}],"author":[{"embeddable":true,"href":"https:\/\/genseq.umontpellier.fr\/WordPress\/wp-json\/wp\/v2\/users\/1"}],"replies":[{"embeddable":true,"href":"https:\/\/genseq.umontpellier.fr\/WordPress\/wp-json\/wp\/v2\/comments?post=252"}],"version-history":[{"count":16,"href":"https:\/\/genseq.umontpellier.fr\/WordPress\/wp-json\/wp\/v2\/pages\/252\/revisions"}],"predecessor-version":[{"id":867,"href":"https:\/\/genseq.umontpellier.fr\/WordPress\/wp-json\/wp\/v2\/pages\/252\/revisions\/867"}],"wp:attachment":[{"href":"https:\/\/genseq.umontpellier.fr\/WordPress\/wp-json\/wp\/v2\/media?parent=252"}],"curies":[{"name":"wp","href":"https:\/\/api.w.org\/{rel}","templated":true}]}}