{"id":36,"date":"2017-06-30T08:19:33","date_gmt":"2017-06-30T06:19:33","guid":{"rendered":"https:\/\/genseq.umontpellier.fr\/WordPress\/?page_id=36"},"modified":"2026-04-03T17:35:23","modified_gmt":"2026-04-03T15:35:23","slug":"accueil","status":"publish","type":"page","link":"https:\/\/genseq.umontpellier.fr\/WordPress\/","title":{"rendered":"Accueil"},"content":{"rendered":"\n<p><\/p>\n\n\n\n<p class=\"has-text-align-left\"><strong>GenSeq<\/strong>, la plateforme de G\u00e9nomique-S\u00e9quen\u00e7age est h\u00e9berg\u00e9e par l\u2019<strong>ISEM<\/strong> (UMR 5554) mais rattach\u00e9e depuis janvier 2024 \u00e0 l\u2019<strong>Unit\u00e9 d\u2019Appui et de Recherche \u201cMontpellier \u00c9cologie, \u00c9volution, Biodiversit\u00e9\u201d<\/strong> (UAR 2040 MEEB).<\/p>\n\n\n\n<p class=\"has-text-align-left\">La plateforme est sp\u00e9cialis\u00e9e dans les technologies d\u2019<strong>analyse g\u00e9n\u00e9tique mol\u00e9culaire<\/strong> dans le cadre de programmes d\u2019\u00e9tudes portant principalement sur la Biologie \u00c9volutive et l\u2019\u00c9cologie des <strong>esp\u00e8ces sauvages et\/ou patrimoniales<\/strong>. Elle est cependant ouverte \u00e0 tout projet portant sur d\u2019autres champs disciplinaires.<\/p>\n\n\n\n<p class=\"has-text-align-left\">Elle propose les moyens n\u00e9cessaires \u00e0 l\u2019obtention d\u2019analyses de qualit\u00e9 : expertise, \u00e9quipement, infrastructure et maintenance. Plusieurs technologies y sont propos\u00e9es :<br>&nbsp;&nbsp;&nbsp;&nbsp;&nbsp;&nbsp;&nbsp; \u2013 Extractions haut-d\u00e9bit d\u2019acides nucl\u00e9iques<br>&nbsp;&nbsp;&nbsp;&nbsp;&nbsp;&nbsp;&nbsp; \u2013 Analyse quantitative et qualitative des ADN ou ARN<br>&nbsp;&nbsp;&nbsp;&nbsp;&nbsp;&nbsp;&nbsp; \u2013 Manipulation automatis\u00e9e d\u2019\u00e9chantillons pour leur pr\u00e9paration et analyse<br>&nbsp;&nbsp;&nbsp;&nbsp;&nbsp;&nbsp;&nbsp; \u2013 Fragmentation de mol\u00e9cules par ultra-son<br>&nbsp;&nbsp;&nbsp;&nbsp;&nbsp;&nbsp;&nbsp; \u2013 Pr\u00e9paration de banques d\u2019ADN g\u00e9nomique ou d\u2019amplicons<br>&nbsp;&nbsp;&nbsp;&nbsp;&nbsp;&nbsp;&nbsp; \u2013 S\u00e9quen\u00e7age nouvelle g\u00e9n\u00e9ration sur s\u00e9quenceur MiSeq d\u2019Illumina.<\/p>\n\n\n\n<p><\/p>\n\n\n\n<p><strong>Personnel:<\/strong><\/p>\n\n\n\n<p><a href=\"https:\/\/isem-evolution.fr\/membre\/liautard-haag\/\">Cathy Liautard-Haag<\/a>, IR CNRS, responsable op\u00e9rationnelle<\/p>\n\n\n\n<p><a href=\"https:\/\/isem-evolution.fr\/membre\/neglia\/\">Valentina Neglia<\/a>, IE UM<\/p>\n\n\n\n<p><a href=\"https:\/\/isem-evolution.fr\/membre\/gagnaire\/\">Pierre-Alexandre Gagnaire<\/a>, DR CNRS, responsable scientifique<\/p>\n\n\n\n<p><\/p>\n\n\n\n<pre class=\"wp-block-preformatted\"><br>&nbsp; &nbsp; &nbsp;<a href=\"http:\/\/www.cnrs.fr\" target=\"_blank\" rel=\"noopener\"><img  title=\"\" loading=\"lazy\" decoding=\"async\" class=\"wp-image-106 alignleft\" src=\"https:\/\/genseq.umontpellier.fr\/WordPress\/wp-content\/uploads\/2017\/08\/LOGO-CNRS-FILAIRE-e1502979307534.png\"  alt=\"LOGO-CNRS-FILAIRE-e1502979307534 Accueil\"  width=\"72\" height=\"72\"><\/a><a href=\"http:\/\/umontpellier.fr\" target=\"_blank\" rel=\"noopener\"><img  title=\"\" loading=\"lazy\" decoding=\"async\" class=\"alignleft wp-image-89\" src=\"https:\/\/genseq.umontpellier.fr\/WordPress\/wp-content\/uploads\/2017\/08\/logo-UM.png\"  alt=\"logo-UM Accueil\"  width=\"65\" height=\"65\"><\/a><\/pre>\n","protected":false},"excerpt":{"rendered":"<p>GenSeq, la plateforme de G\u00e9nomique-S\u00e9quen\u00e7age est h\u00e9berg\u00e9e par l\u2019ISEM (UMR 5554) mais rattach\u00e9e depuis janvier 2024 \u00e0 l\u2019Unit\u00e9 d\u2019Appui et de Recherche \u201cMontpellier \u00c9cologie, \u00c9volution, Biodiversit\u00e9\u201d (UAR 2040 MEEB). La plateforme est sp\u00e9cialis\u00e9e dans les technologies d\u2019analyse g\u00e9n\u00e9tique mol\u00e9culaire dans le cadre de programmes d\u2019\u00e9tudes portant principalement sur la Biologie \u00c9volutive et l\u2019\u00c9cologie des esp\u00e8ces [&hellip;]<\/p>\n","protected":false},"author":1,"featured_media":0,"parent":0,"menu_order":0,"comment_status":"closed","ping_status":"closed","template":"","meta":{"footnotes":""},"class_list":["post-36","page","type-page","status-publish","hentry"],"_links":{"self":[{"href":"https:\/\/genseq.umontpellier.fr\/WordPress\/wp-json\/wp\/v2\/pages\/36","targetHints":{"allow":["GET"]}}],"collection":[{"href":"https:\/\/genseq.umontpellier.fr\/WordPress\/wp-json\/wp\/v2\/pages"}],"about":[{"href":"https:\/\/genseq.umontpellier.fr\/WordPress\/wp-json\/wp\/v2\/types\/page"}],"author":[{"embeddable":true,"href":"https:\/\/genseq.umontpellier.fr\/WordPress\/wp-json\/wp\/v2\/users\/1"}],"replies":[{"embeddable":true,"href":"https:\/\/genseq.umontpellier.fr\/WordPress\/wp-json\/wp\/v2\/comments?post=36"}],"version-history":[{"count":36,"href":"https:\/\/genseq.umontpellier.fr\/WordPress\/wp-json\/wp\/v2\/pages\/36\/revisions"}],"predecessor-version":[{"id":885,"href":"https:\/\/genseq.umontpellier.fr\/WordPress\/wp-json\/wp\/v2\/pages\/36\/revisions\/885"}],"wp:attachment":[{"href":"https:\/\/genseq.umontpellier.fr\/WordPress\/wp-json\/wp\/v2\/media?parent=36"}],"curies":[{"name":"wp","href":"https:\/\/api.w.org\/{rel}","templated":true}]}}