{"id":827,"date":"2025-04-30T13:53:24","date_gmt":"2025-04-30T11:53:24","guid":{"rendered":"https:\/\/genseq.umontpellier.fr\/WordPress\/?page_id=827"},"modified":"2025-09-08T15:13:46","modified_gmt":"2025-09-08T13:13:46","slug":"grr","status":"publish","type":"page","link":"https:\/\/genseq.umontpellier.fr\/WordPress\/grr\/","title":{"rendered":"GRR"},"content":{"rendered":"\n<p>Le site de r\u00e9servation est accessible: <a href=\"https:\/\/genseq.umontpellier.fr\/GRR\/login.php?url=%2FGRR%2Fweek_all.php%3Farea%3D1\">GRR<\/a><\/p>\n\n\n\n<p>Pour vos r\u00e9servations, merci d&rsquo;envoyer un mail \u00e0 <a href=\"mailto:genseq-contact@umontpellier.fr\">genseq-contact@umontpellier.fr<\/a><\/p>\n\n\n\n<p><\/p>\n","protected":false},"excerpt":{"rendered":"<p>Le site de r\u00e9servation est accessible: GRR Pour vos r\u00e9servations, merci d&rsquo;envoyer un mail \u00e0 genseq-contact@umontpellier.fr<\/p>\n","protected":false},"author":1,"featured_media":0,"parent":0,"menu_order":0,"comment_status":"closed","ping_status":"closed","template":"","meta":{"footnotes":""},"class_list":["post-827","page","type-page","status-publish","hentry"],"_links":{"self":[{"href":"https:\/\/genseq.umontpellier.fr\/WordPress\/wp-json\/wp\/v2\/pages\/827","targetHints":{"allow":["GET"]}}],"collection":[{"href":"https:\/\/genseq.umontpellier.fr\/WordPress\/wp-json\/wp\/v2\/pages"}],"about":[{"href":"https:\/\/genseq.umontpellier.fr\/WordPress\/wp-json\/wp\/v2\/types\/page"}],"author":[{"embeddable":true,"href":"https:\/\/genseq.umontpellier.fr\/WordPress\/wp-json\/wp\/v2\/users\/1"}],"replies":[{"embeddable":true,"href":"https:\/\/genseq.umontpellier.fr\/WordPress\/wp-json\/wp\/v2\/comments?post=827"}],"version-history":[{"count":5,"href":"https:\/\/genseq.umontpellier.fr\/WordPress\/wp-json\/wp\/v2\/pages\/827\/revisions"}],"predecessor-version":[{"id":853,"href":"https:\/\/genseq.umontpellier.fr\/WordPress\/wp-json\/wp\/v2\/pages\/827\/revisions\/853"}],"wp:attachment":[{"href":"https:\/\/genseq.umontpellier.fr\/WordPress\/wp-json\/wp\/v2\/media?parent=827"}],"curies":[{"name":"wp","href":"https:\/\/api.w.org\/{rel}","templated":true}]}}